{"id":153,"date":"2019-01-13T17:36:01","date_gmt":"2019-01-13T17:36:01","guid":{"rendered":"http:\/\/karaszallobuzsak.hu\/?page_id=153"},"modified":"2022-08-02T12:03:15","modified_gmt":"2022-08-02T12:03:15","slug":"szolgaltatasok","status":"publish","type":"page","link":"http:\/\/karaszallobuzsak.hu\/index.php\/szolgaltatasok\/","title":{"rendered":"Szolg\u00e1ltat\u00e1sok"},"content":{"rendered":"\n<p>A sz\u00e1ll\u00f3 k\u00f6z\u00f6ss\u00e9gi terekkel rendelkezik, a f\u00f6ldszinten tal\u00e1lhat\u00f3 kicsiknek j\u00e1tsz\u00f3sarok, a nagyobbaknak billi\u00e1rd, pingpong, csocs\u00f3, darts valamint kondig\u00e9pek, melyet a sz\u00e1ll\u00f3 vend\u00e9gei d\u00edjmentesen haszn\u00e1lhatj\u00e1k.<\/p>\n\n\n<p>A szob\u00e1k az emeleten tal\u00e1lhat\u00f3ak, emellett egy j\u00f3l felszerelt k\u00f6z\u00f6s konyha is a vend\u00e9gek rendelkez\u00e9s\u00e9re \u00e1ll (mosogat\u00f3val, elektromos t\u0171zhellyel, s\u00fct\u0151vel, h\u0171t\u0151vel, k\u00e1v\u00e9f\u0151z\u0151vel, mikroval).<\/p>\n<p>Elhelyez\u00e9si lehet\u0151s\u00e9g:<\/p>\n\n\n<ul><li>2 db 4 \u00e1gyas szoba (egy francia\u00e1ggyal \u00e9s egy k\u00e9tszem\u00e9lyes \u00e1ggy\u00e1 alak\u00edthat\u00f3 kanap\u00e9val)<\/li><\/ul>\n\n\n<ul>\n<li>1 db 2 \u00e1gyas szoba (francia\u00e1ggyal)<\/li>\n<li>5 db 2 \u00e1gyas szoba (1-1 db egyszem\u00e9lyes \u00e1ggyal)<\/li>\n<\/ul>\n<p>Ig\u00e9ny eset\u00e9n korl\u00e1tozott sz\u00e1mban tudunk biztos\u00edtani gyermek\u00e1gyat (\u00e1gynem\u0171vel), etet\u0151sz\u00e9ket, f\u00fcrdet\u0151k\u00e1dat, sport babakocsit.<\/p>\n<p>A parkol\u00e1s z\u00e1rt parkol\u00f3ban d\u00edjtalanul haszn\u00e1lhat\u00f3.<\/p>\n<p>Ig\u00e9ny eset\u00e9n reggelit biztos\u00edtunk.<\/p>\n\n\n<p class=\"has-vivid-cyan-blue-color has-text-color has-medium-font-size\"><strong>Ami biztosan v\u00e1rja a 2 \u00e1gyas szob\u00e1ban (21,5 m<\/strong><sup><strong>2<\/strong><\/sup><strong>)<\/strong><\/p>\n\n\n\n<p style=\"font-size:15px\"><em>&#8211; zuhanyz\u00f3s f\u00fcrd\u0151szoba WC-vel, hajsz\u00e1r\u00edt\u00f3val<\/em><\/p>\n\n\n\n<p style=\"font-size:15px\">&#8211;<em> f\u00fcrd\u0151szobai t\u00f6r\u00f6lk\u00f6z\u0151k<\/em><\/p>\n\n\n\n<p style=\"font-size:15px\"><em>&#8211; tv<\/em><\/p>\n\n\n\n<p style=\"font-size:15px\"><em>&#8211; mini h\u0171t\u0151<\/em><\/p>\n\n\n\n<p style=\"font-size:15px\"><em>&#8211; ingyenes wifi hozz\u00e1f\u00e9r\u00e9s<\/em><\/p>\n\n\n\n<p class=\"has-vivid-cyan-blue-color has-text-color has-medium-font-size\"><strong>Ami biztosan v\u00e1rja a csal\u00e1di szob\u00e1ban (29 m<\/strong><sup><strong>2<\/strong><\/sup><strong>)<\/strong><\/p>\n\n\n\n<p style=\"font-size:15px\"><em>&#8211; erk\u00e9ly<\/em><\/p>\n\n\n\n<p style=\"font-size:15px\">&#8211;<em> zuhanyz\u00f3s f\u00fcrd\u0151szoba WC-vel, hajsz\u00e1r\u00edt\u00f3val<\/em><\/p>\n\n\n\n<p style=\"font-size:15px\"><em>&#8211; f\u00fcrd\u0151szobai t\u00f6r\u00f6lk\u00f6z\u0151k<\/em><\/p>\n\n\n\n<p style=\"font-size:15px\"><em>&#8211; tv<\/em><\/p>\n\n\n\n<p style=\"font-size:15px\"><em>&#8211; mini h\u0171t\u0151<\/em><\/p>\n\n\n\n<p style=\"font-size:15px\"><em>&#8211; ingyenes wifi hozz\u00e1f\u00e9r\u00e9s<\/em><\/p>\n\n\n<p><!--EndFragment--><\/p>\n<p><\/p>","protected":false},"excerpt":{"rendered":"<p>A sz\u00e1ll\u00f3 k\u00f6z\u00f6ss\u00e9gi terekkel rendelkezik, a f\u00f6ldszinten tal\u00e1lhat\u00f3 kicsiknek j\u00e1tsz\u00f3sarok, a nagyobbaknak billi\u00e1rd, pingpong, csocs\u00f3, darts valamint kondig\u00e9pek, melyet a&hellip;<\/p>\n","protected":false},"author":1,"featured_media":0,"parent":0,"menu_order":0,"comment_status":"closed","ping_status":"closed","template":"","meta":[],"_links":{"self":[{"href":"http:\/\/karaszallobuzsak.hu\/index.php\/wp-json\/wp\/v2\/pages\/153"}],"collection":[{"href":"http:\/\/karaszallobuzsak.hu\/index.php\/wp-json\/wp\/v2\/pages"}],"about":[{"href":"http:\/\/karaszallobuzsak.hu\/index.php\/wp-json\/wp\/v2\/types\/page"}],"author":[{"embeddable":true,"href":"http:\/\/karaszallobuzsak.hu\/index.php\/wp-json\/wp\/v2\/users\/1"}],"replies":[{"embeddable":true,"href":"http:\/\/karaszallobuzsak.hu\/index.php\/wp-json\/wp\/v2\/comments?post=153"}],"version-history":[{"count":14,"href":"http:\/\/karaszallobuzsak.hu\/index.php\/wp-json\/wp\/v2\/pages\/153\/revisions"}],"predecessor-version":[{"id":235,"href":"http:\/\/karaszallobuzsak.hu\/index.php\/wp-json\/wp\/v2\/pages\/153\/revisions\/235"}],"wp:attachment":[{"href":"http:\/\/karaszallobuzsak.hu\/index.php\/wp-json\/wp\/v2\/media?parent=153"}],"curies":[{"name":"wp","href":"https:\/\/api.w.org\/{rel}","templated":true}]}}