{"id":3,"date":"2019-01-12T18:25:33","date_gmt":"2019-01-12T18:25:33","guid":{"rendered":"http:\/\/karaszallobuzsak.hu\/?page_id=3"},"modified":"2022-08-02T12:18:24","modified_gmt":"2022-08-02T12:18:24","slug":"privacy-policy","status":"publish","type":"page","link":"http:\/\/karaszallobuzsak.hu\/index.php\/privacy-policy\/","title":{"rendered":"Adatv\u00e9delmi t\u00e1j\u00e9koztat\u00f3"},"content":{"rendered":"\n<div class=\"wp-block-file\"><a id=\"wp-block-file--media-a9acafb8-630d-4e3a-9e75-5c785c33e5fa\" href=\"http:\/\/karaszallobuzsak.hu\/wp-content\/uploads\/2022\/08\/Adatvedelmi-szabalyzat-2021.09.01.docx\">Adatvedelmi-szabalyzat-2021.09.01<\/a><a href=\"http:\/\/karaszallobuzsak.hu\/wp-content\/uploads\/2022\/08\/Adatvedelmi-szabalyzat-2021.09.01.docx\" class=\"wp-block-file__button\" download aria-describedby=\"wp-block-file--media-a9acafb8-630d-4e3a-9e75-5c785c33e5fa\">Let\u00f6lt\u00e9s<\/a><\/div>\n\n\n\n<h3><\/h3>\n\n\n\n<h3><\/h3>\n","protected":false},"excerpt":{"rendered":"","protected":false},"author":1,"featured_media":0,"parent":0,"menu_order":0,"comment_status":"closed","ping_status":"open","template":"","meta":[],"_links":{"self":[{"href":"http:\/\/karaszallobuzsak.hu\/index.php\/wp-json\/wp\/v2\/pages\/3"}],"collection":[{"href":"http:\/\/karaszallobuzsak.hu\/index.php\/wp-json\/wp\/v2\/pages"}],"about":[{"href":"http:\/\/karaszallobuzsak.hu\/index.php\/wp-json\/wp\/v2\/types\/page"}],"author":[{"embeddable":true,"href":"http:\/\/karaszallobuzsak.hu\/index.php\/wp-json\/wp\/v2\/users\/1"}],"replies":[{"embeddable":true,"href":"http:\/\/karaszallobuzsak.hu\/index.php\/wp-json\/wp\/v2\/comments?post=3"}],"version-history":[{"count":1,"href":"http:\/\/karaszallobuzsak.hu\/index.php\/wp-json\/wp\/v2\/pages\/3\/revisions"}],"predecessor-version":[{"id":241,"href":"http:\/\/karaszallobuzsak.hu\/index.php\/wp-json\/wp\/v2\/pages\/3\/revisions\/241"}],"wp:attachment":[{"href":"http:\/\/karaszallobuzsak.hu\/index.php\/wp-json\/wp\/v2\/media?parent=3"}],"curies":[{"name":"wp","href":"https:\/\/api.w.org\/{rel}","templated":true}]}}