{"id":79,"date":"2019-01-13T08:22:27","date_gmt":"2019-01-13T08:22:27","guid":{"rendered":"http:\/\/karaszallobuzsak.hu\/?page_id=79"},"modified":"2024-01-18T15:08:05","modified_gmt":"2024-01-18T15:08:05","slug":"kapcsolat","status":"publish","type":"page","link":"http:\/\/karaszallobuzsak.hu\/index.php\/kapcsolat\/","title":{"rendered":"Kapcsolat"},"content":{"rendered":"\n<p>\u00dczemeltet\u0151: Kara-Trans Kft, 8695. Buzs\u00e1k, Kossuth Lajos utca 78\/b<\/p>\n\n\n\n<p>Kapcsolattart\u00f3: Kara Lajosn\u00e9<\/p>\n\n\n\n<p>Telefon: 06\/30 969 0290<\/p>\n\n\n\n<p>E-c\u00edm: karatranskft@freemail.hu<\/p>\n\n\n\n<p><\/p>\n\n\n\n<p><\/p>\n\n\n\n<p><strong>Szobafoglal\u00e1s<\/strong>:<\/p>\n\n\n\n<p class=\"has-text-align-left\">Kara Lajosn\u00e9: 06\/30 969 0290<\/p>\n\n\n\n<ul><li>karatranskft@freemail.hu<\/li><\/ul>\n\n\n\n<p><\/p>\n\n\n\n<p><\/p>\n\n\n\n<p><\/p>\n\n\n\n<p>NTAK regisztr\u00e1ci\u00f3s sz\u00e1m: E619003172<\/p>\n","protected":false},"excerpt":{"rendered":"<p>\u00dczemeltet\u0151: Kara-Trans Kft, 8695. Buzs\u00e1k, Kossuth Lajos utca 78\/b Kapcsolattart\u00f3: Kara Lajosn\u00e9 Telefon: 06\/30 969 0290 E-c\u00edm: karatranskft@freemail.hu Szobafoglal\u00e1s: Kara&hellip;<\/p>\n","protected":false},"author":1,"featured_media":0,"parent":0,"menu_order":0,"comment_status":"closed","ping_status":"closed","template":"","meta":[],"_links":{"self":[{"href":"http:\/\/karaszallobuzsak.hu\/index.php\/wp-json\/wp\/v2\/pages\/79"}],"collection":[{"href":"http:\/\/karaszallobuzsak.hu\/index.php\/wp-json\/wp\/v2\/pages"}],"about":[{"href":"http:\/\/karaszallobuzsak.hu\/index.php\/wp-json\/wp\/v2\/types\/page"}],"author":[{"embeddable":true,"href":"http:\/\/karaszallobuzsak.hu\/index.php\/wp-json\/wp\/v2\/users\/1"}],"replies":[{"embeddable":true,"href":"http:\/\/karaszallobuzsak.hu\/index.php\/wp-json\/wp\/v2\/comments?post=79"}],"version-history":[{"count":6,"href":"http:\/\/karaszallobuzsak.hu\/index.php\/wp-json\/wp\/v2\/pages\/79\/revisions"}],"predecessor-version":[{"id":243,"href":"http:\/\/karaszallobuzsak.hu\/index.php\/wp-json\/wp\/v2\/pages\/79\/revisions\/243"}],"wp:attachment":[{"href":"http:\/\/karaszallobuzsak.hu\/index.php\/wp-json\/wp\/v2\/media?parent=79"}],"curies":[{"name":"wp","href":"https:\/\/api.w.org\/{rel}","templated":true}]}}